{"id":19,"date":"2025-01-25T19:52:53","date_gmt":"2025-01-25T18:52:53","guid":{"rendered":"http:\/\/www.hermyne.ch\/?page_id=19"},"modified":"2025-11-05T18:10:30","modified_gmt":"2025-11-05T17:10:30","slug":"about","status":"publish","type":"page","link":"https:\/\/www.hermyne.ch\/index.php\/about\/","title":{"rendered":"Portrait"},"content":{"rendered":"\n<div class=\"wp-block-group animated slideInRight has-global-padding is-layout-constrained wp-block-group-is-layout-constrained\" style=\"padding-top:var(--wp--preset--spacing--30);padding-bottom:var(--wp--preset--spacing--30)\">\n<div class=\"wp-block-group is-nowrap is-layout-flex wp-container-core-group-is-layout-38a0ef8d wp-block-group-is-layout-flex\" style=\"padding-top:var(--wp--preset--spacing--40);padding-right:0;padding-bottom:var(--wp--preset--spacing--40);padding-left:0\">\n<figure class=\"wp-block-image size-large is-resized\"><img decoding=\"async\" src=\"https:\/\/www.hermyne.ch\/wp-content\/uploads\/2025\/02\/autoportrait_crop-410x1024.webp\" alt=\"\" class=\"wp-image-163\" style=\"object-fit:cover;width:800px;height:500px\"\/><\/figure>\n\n\n\n<div class=\"wp-block-group is-vertical is-layout-flex wp-container-core-group-is-layout-fe9cc265 wp-block-group-is-layout-flex\">\n<div style=\"height:93px;width:131px\" aria-hidden=\"true\" class=\"wp-block-spacer wp-container-content-08f64e65\"><\/div>\n\n\n\n<p><br>Je suis une illustratrice et concept artist bas\u00e9e en Suisse, travaillant actuellement en tant qu&rsquo;ind\u00e9pendante.<br>Je suis originaire du canton de Fribourg et j&rsquo;ai poursuivie mes \u00e9tudes artistique en France. J&rsquo;ai termin\u00e9 mes \u00e9tudes d\u2019illustration &amp; concept art \u00e0 l&rsquo;ESMA de Montpellier en juin 2025 et je continue de cr\u00e9er des images pour raconter des histoires.<br><br>&#8211; <em>Hermyne<\/em><\/p>\n\n\n\n<div style=\"height:88px;width:131px\" aria-hidden=\"true\" class=\"wp-block-spacer wp-container-content-30b321d2\"><\/div>\n<\/div>\n<\/div>\n<\/div>\n","protected":false},"excerpt":{"rendered":"<p>Je suis une illustratrice et concept artist bas\u00e9e en Suisse, travaillant actuellement en tant qu&rsquo;ind\u00e9pendante.Je suis originaire du canton de Fribourg et j&rsquo;ai poursuivie mes \u00e9tudes artistique en France. J&rsquo;ai termin\u00e9 mes \u00e9tudes d\u2019illustration &amp; concept art \u00e0 l&rsquo;ESMA de Montpellier en juin 2025 et je continue de cr\u00e9er des images pour raconter des histoires. [&hellip;]<\/p>\n","protected":false},"author":1,"featured_media":0,"parent":0,"menu_order":5,"comment_status":"closed","ping_status":"closed","template":"","meta":{"_vp_format_video_url":"","_vp_image_focal_point":[],"footnotes":""},"class_list":["post-19","page","type-page","status-publish","hentry"],"_links":{"self":[{"href":"https:\/\/www.hermyne.ch\/index.php\/wp-json\/wp\/v2\/pages\/19","targetHints":{"allow":["GET"]}}],"collection":[{"href":"https:\/\/www.hermyne.ch\/index.php\/wp-json\/wp\/v2\/pages"}],"about":[{"href":"https:\/\/www.hermyne.ch\/index.php\/wp-json\/wp\/v2\/types\/page"}],"author":[{"embeddable":true,"href":"https:\/\/www.hermyne.ch\/index.php\/wp-json\/wp\/v2\/users\/1"}],"replies":[{"embeddable":true,"href":"https:\/\/www.hermyne.ch\/index.php\/wp-json\/wp\/v2\/comments?post=19"}],"version-history":[{"count":72,"href":"https:\/\/www.hermyne.ch\/index.php\/wp-json\/wp\/v2\/pages\/19\/revisions"}],"predecessor-version":[{"id":642,"href":"https:\/\/www.hermyne.ch\/index.php\/wp-json\/wp\/v2\/pages\/19\/revisions\/642"}],"wp:attachment":[{"href":"https:\/\/www.hermyne.ch\/index.php\/wp-json\/wp\/v2\/media?parent=19"}],"curies":[{"name":"wp","href":"https:\/\/api.w.org\/{rel}","templated":true}]}}